{"id":1751,"date":"2018-08-09T15:09:34","date_gmt":"2018-08-09T15:09:34","guid":{"rendered":"http:\/\/globewomen.com\/?page_id=1751"},"modified":"2018-08-09T15:34:52","modified_gmt":"2018-08-09T15:34:52","slug":"2011-legacies-of-women-forum-helsinki-finland","status":"publish","type":"page","link":"https:\/\/globewomen.com\/?page_id=1751","title":{"rendered":"2011 Legacies of Women Forum-Helsinki, Finland"},"content":{"rendered":"<div id=\"pl-1751\"  class=\"panel-layout\" ><div id=\"pg-1751-0\"  class=\"panel-grid panel-no-style\" ><div id=\"pgc-1751-0-0\"  class=\"panel-grid-cell\" ><div id=\"panel-1751-0-0-0\" class=\"so-panel widget widget_sow-editor panel-first-child panel-last-child\" data-index=\"0\" ><div\n\t\t\t\n\t\t\tclass=\"so-widget-sow-editor so-widget-sow-editor-base\"\n\t\t\t\n\t\t>\n<div class=\"siteorigin-widget-tinymce textwidget\">\n\t<h2 style=\"text-align: center;\"> <strong><em>The Global Summit of Women and BPW International present<\/em><\/strong><\/h2>\n<p>&nbsp;<\/p>\n<h3 style=\"text-align: center;\"><span style=\"color: #333399;\"><strong>2011 LEGACIES OF WOMEN FORUM<\/strong><strong> \u2013 HELSINKI<\/strong><\/span><\/h3>\n<p style=\"text-align: center;\"><em><strong>\u201cThe Legacies of Women\u201d share the \u2018gift\u2019 of expertise and knowledge of business women reaching the top in a lively discussion Forum.\"<\/strong><\/em><\/p>\n<\/div>\n<\/div><\/div><\/div><\/div><div id=\"pg-1751-1\"  class=\"panel-grid panel-no-style\" ><div id=\"pgc-1751-1-0\"  class=\"panel-grid-cell\" ><div id=\"panel-1751-1-0-0\" class=\"so-panel widget widget_sow-editor panel-first-child panel-last-child\" data-index=\"1\" ><div\n\t\t\t\n\t\t\tclass=\"so-widget-sow-editor so-widget-sow-editor-base\"\n\t\t\t\n\t\t>\n<div class=\"siteorigin-widget-tinymce textwidget\">\n\t<p><img loading=\"lazy\" decoding=\"async\" class=\" wp-image-1755 aligncenter\" src=\"http:\/\/globewomen.com\/wp-content\/uploads\/2018\/08\/ainomaija-Haarla.jpg\" alt=\"\" width=\"147\" height=\"221\" \/><\/p>\n<p style=\"text-align: center;\"><strong>Ainomaija Haarla, President and CEO, Technology Academy Foundation<\/strong><\/p>\n<p style=\"text-align: center;\">Ainomaija Haarla is President and CEO of the Technology Academy Foundation, which promotes Finnish scientific research that encourages both innovation and new technologies which reinforce humane values and have a positive impact on the quality of human life. She has also served as the Managing Director of ProConsilium Oy. Before this, she was Vice President of Strategy for UPM-Kymmene Oyj, having also served as Vice President of Business Development of the company\u2019s operations in Augsburg, Germany. Dr. Haarla holds a seat on the boards of Neste Oil Oyj and Altia Oyj, and has been Chairman of the Board of Korona Invest Oy since 2008.<\/p>\n<\/div>\n<\/div><\/div><\/div><div id=\"pgc-1751-1-1\"  class=\"panel-grid-cell\" ><div id=\"panel-1751-1-1-0\" class=\"so-panel widget widget_sow-editor panel-first-child panel-last-child\" data-index=\"2\" ><div\n\t\t\t\n\t\t\tclass=\"so-widget-sow-editor so-widget-sow-editor-base\"\n\t\t\t\n\t\t>\n<div class=\"siteorigin-widget-tinymce textwidget\">\n\t<p><img loading=\"lazy\" decoding=\"async\" class=\"wp-image-1758 aligncenter\" src=\"http:\/\/globewomen.com\/wp-content\/uploads\/2018\/08\/Johanna-Ikaheimo.jpg\" alt=\"\" width=\"154\" height=\"210\" srcset=\"https:\/\/globewomen.com\/wp-content\/uploads\/2018\/08\/Johanna-Ikaheimo.jpg 3000w, https:\/\/globewomen.com\/wp-content\/uploads\/2018\/08\/Johanna-Ikaheimo-220x300.jpg 220w, https:\/\/globewomen.com\/wp-content\/uploads\/2018\/08\/Johanna-Ikaheimo-768x1046.jpg 768w, https:\/\/globewomen.com\/wp-content\/uploads\/2018\/08\/Johanna-Ikaheimo-752x1024.jpg 752w\" sizes=\"(max-width: 154px) 100vw, 154px\" \/><\/p>\n<p style=\"text-align: center;\">\u00a0<strong>Johanna Ikaheimo, Chairman, Lappset Group Oy<\/strong><\/p>\n<p style=\"text-align: center;\">Johanna Ikaheimo has served as Chairman of the Lappset Group since 2006. The Lappset Group produces sustainable playground equipment for children throughout the world. Beginning her career with Lappset in 1997 as Export and HR Manager, she currently also serves as Chairman of the Board of Lappset Italy, Lappset Spain, and Lappset UK. She has also served as Vice Chairman of the SME Council of The Confederation of Finnish Industry and Employers. She currently serves on the boards of several companies, including Varma Mutual Pension Insurance Company and the Regional Bank Of Handelsbanken.<\/p>\n<\/div>\n<\/div><\/div><\/div><div id=\"pgc-1751-1-2\"  class=\"panel-grid-cell\" ><div id=\"panel-1751-1-2-0\" class=\"so-panel widget widget_sow-editor panel-first-child panel-last-child\" data-index=\"3\" ><div\n\t\t\t\n\t\t\tclass=\"so-widget-sow-editor so-widget-sow-editor-base\"\n\t\t\t\n\t\t>\n<div class=\"siteorigin-widget-tinymce textwidget\">\n\t<p><img loading=\"lazy\" decoding=\"async\" class=\"wp-image-1763 aligncenter\" src=\"http:\/\/globewomen.com\/wp-content\/uploads\/2018\/08\/Marina-Vahtola.jpg\" alt=\"\" width=\"151\" height=\"200\" \/><\/p>\n<p style=\"text-align: center;\"><strong>Marina Vahtola, Managing Director, Oral Hammasl\u00e4\u00e4k\u00e4rit Plc<\/strong><\/p>\n<p style=\"text-align: center;\">Marina Vahtola has served as Managing Director of Oral Hammaslaakarit Plc since 2010. Oral Hammasl\u00e4\u00e4k\u00e4rit Plc is a provider of a wide range of dental care services. Previously, she was Managing Director of Bauhaus Finland and Bauhaus Estonia from 2004-2009. She has been a Member of the Board of Directors of Aktia Abp since 2007 and also serves on the company's Remuneration and Corporate Governance Committees. In addition, she is a Member of the Board of Directors of Laakaripalveluyritykset ry.<\/p>\n<\/div>\n<\/div><\/div><\/div><\/div><\/div>","protected":false},"excerpt":{"rendered":"<p>The Global Summit of Women and BPW International present &nbsp; 2011 LEGACIES OF WOMEN FORUM \u2013 HELSINKI \u201cThe Legacies of Women\u201d share the \u2018gift\u2019 of expertise and knowledge of business women reaching the top in a lively discussion Forum.&#8221; Ainomaija &hellip; <a href=\"https:\/\/globewomen.com\/?page_id=1751\">Continued<\/a><\/p>\n","protected":false},"author":5,"featured_media":0,"parent":18,"menu_order":0,"comment_status":"closed","ping_status":"closed","template":"page-fullwidth.php","meta":{"footnotes":""},"_links":{"self":[{"href":"https:\/\/globewomen.com\/index.php?rest_route=\/wp\/v2\/pages\/1751"}],"collection":[{"href":"https:\/\/globewomen.com\/index.php?rest_route=\/wp\/v2\/pages"}],"about":[{"href":"https:\/\/globewomen.com\/index.php?rest_route=\/wp\/v2\/types\/page"}],"author":[{"embeddable":true,"href":"https:\/\/globewomen.com\/index.php?rest_route=\/wp\/v2\/users\/5"}],"replies":[{"embeddable":true,"href":"https:\/\/globewomen.com\/index.php?rest_route=%2Fwp%2Fv2%2Fcomments&post=1751"}],"version-history":[{"count":15,"href":"https:\/\/globewomen.com\/index.php?rest_route=\/wp\/v2\/pages\/1751\/revisions"}],"predecessor-version":[{"id":1770,"href":"https:\/\/globewomen.com\/index.php?rest_route=\/wp\/v2\/pages\/1751\/revisions\/1770"}],"up":[{"embeddable":true,"href":"https:\/\/globewomen.com\/index.php?rest_route=\/wp\/v2\/pages\/18"}],"wp:attachment":[{"href":"https:\/\/globewomen.com\/index.php?rest_route=%2Fwp%2Fv2%2Fmedia&parent=1751"}],"curies":[{"name":"wp","href":"https:\/\/api.w.org\/{rel}","templated":true}]}}